{"id":11837,"date":"2025-05-27T10:10:58","date_gmt":"2025-05-27T08:10:58","guid":{"rendered":"https:\/\/hitl-humantranslators.com\/contact\/"},"modified":"2025-12-22T19:24:23","modified_gmt":"2025-12-22T18:24:23","slug":"contact","status":"publish","type":"page","link":"https:\/\/hitl-humantranslators.com\/fr\/contact\/","title":{"rendered":"Contact"},"content":{"rendered":"\t\t<div data-elementor-type=\"wp-page\" data-elementor-id=\"11837\" class=\"elementor elementor-11837 elementor-222\">\n\t\t\t\t        <section class=\"elementor-section elementor-top-section elementor-element elementor-element-0e7da8d elementor-section-boxed elementor-section-height-default elementor-section-height-default pxl-row-scroll-none pxl-zoom-point-false pxl-section-overflow-visible pxl-section-fix-none pxl-bg-color-none pxl-section-overlay-none\" data-id=\"0e7da8d\" data-element_type=\"section\">\n\n                \n                <div class=\"elementor-container elementor-column-gap-extended \">\n                <div class=\"elementor-column elementor-col-100 elementor-top-column elementor-element elementor-element-6ed41c5 pxl-column-none pxl-column-overflow-hidden-no\" data-id=\"6ed41c5\" data-element_type=\"column\">\r\n        <div class=\"elementor-widget-wrap elementor-element-populated\">\r\n                     \r\n                <section class=\"elementor-section elementor-inner-section elementor-element elementor-element-8627c46 elementor-section-content-bottom elementor-section-boxed elementor-section-height-default elementor-section-height-default pxl-row-scroll-none pxl-zoom-point-false pxl-section-overflow-visible pxl-section-fix-none pxl-bg-color-none pxl-section-overlay-none\" data-id=\"8627c46\" data-element_type=\"section\">\n\n                \n                <div class=\"elementor-container elementor-column-gap-extended \">\n                <div class=\"elementor-column elementor-col-50 elementor-inner-column elementor-element elementor-element-d910ec2 pxl-column-none pxl-column-overflow-hidden-no\" data-id=\"d910ec2\" data-element_type=\"column\">\r\n        <div class=\"elementor-widget-wrap elementor-element-populated\">\r\n                     \r\n        \t\t<div class=\"elementor-element elementor-element-f551fe0 elementor-widget elementor-widget-pxl_heading\" data-id=\"f551fe0\" data-element_type=\"widget\" data-widget_type=\"pxl_heading.default\">\n\t\t\t\t<div class=\"elementor-widget-container\">\n\t\t\t\t\t\n<div id=\"pxl-pxl_heading-f551fe0-7677\" class=\"pxl-heading px-sub-title-primary-style \">\n\t<div class=\"pxl-heading--inner\">\n\t\t\t\t\t<div class=\"pxl-item--subtitle px-sub-title-primary \" data-wow-delay=\"ms\">\n\t\t\t\t<span class=\"pxl-item--subtext\">\n\t\t\t\t\t\t\t\t\t\tPARLONS ENTRE HUMAINS\t\t\t\t<\/span>\n\t\t\t<\/div>\n\t\t\n\t\t<h3 class=\"pxl-item--title style-default highlight-default \" data-wow-delay=\"ms\">\n\t\t\t\n\t\t\t\n\t\t\t\n\t\t\t<span class=\"pxl-heading--text\">\n\n\t\t\t\t\t\t\t\t\tDites-nous ce dont vous avez besoin. Nous nous occupons<br> du reste.\n\n\n\t\n\t\t\t\t\t\n\n\t\t\t<\/span>\n\t\t<\/h3>\n\t\t\n\t<\/div>\n<\/div>\t\t\t\t<\/div>\n\t\t\t\t<\/div>\n\t\t            <\/div>\r\n        <\/div>\r\n                <div class=\"elementor-column elementor-col-50 elementor-inner-column elementor-element elementor-element-4872449 pxl-column-none pxl-column-overflow-hidden-no\" data-id=\"4872449\" data-element_type=\"column\">\r\n        <div class=\"elementor-widget-wrap elementor-element-populated\">\r\n                     \r\n        \t\t<div class=\"elementor-element elementor-element-b0e3a03 elementor-widget elementor-widget-pxl_text_editor\" data-id=\"b0e3a03\" data-element_type=\"widget\" data-widget_type=\"pxl_text_editor.default\">\n\t\t\t\t<div class=\"elementor-widget-container\">\n\t\t\t\t\t<div class=\"pxl-text-editor\">\n\t<div class=\"pxl-item--inner  \" data-wow-delay=\"ms\">\n\t\t<p>Un projet en t\u00eate, une question \u00e0 poser ou une id\u00e9e \u00e0 creuser\u00a0? Il vous suffit de remplir un formulaire.<br \/>Envie de rejoindre l\u2019\u00e9quipe\u00a0? Gardez l\u2019\u0153il ouvert, il nous arrive de chercher des esprits curieux.<\/p>\t\t\n\t<\/div>\n<\/div>\t\t\t\t<\/div>\n\t\t\t\t<\/div>\n\t\t            <\/div>\r\n        <\/div>\r\n        \t\t\t<\/div>\n\t\t<\/section>\n\t\t        <section class=\"elementor-section elementor-inner-section elementor-element elementor-element-f179313 elementor-section-boxed elementor-section-height-default elementor-section-height-default pxl-row-scroll-none pxl-zoom-point-false pxl-section-overflow-visible pxl-section-fix-none pxl-bg-color-none pxl-section-overlay-none\" data-id=\"f179313\" data-element_type=\"section\">\n\n                \n                <div class=\"elementor-container elementor-column-gap-extended \">\n                <div class=\"elementor-column elementor-col-50 elementor-inner-column elementor-element elementor-element-aa9c48b pxl-column-none pxl-column-overflow-hidden-no\" data-id=\"aa9c48b\" data-element_type=\"column\">\r\n        <div class=\"elementor-widget-wrap elementor-element-populated\">\r\n                     \r\n        \t\t<div class=\"elementor-element elementor-element-4aceff3 elementor-widget elementor-widget-pxl_contact_form\" data-id=\"4aceff3\" data-element_type=\"widget\" id=\"pagina-contacto\" data-widget_type=\"pxl_contact_form.default\">\n\t\t\t\t<div class=\"elementor-widget-container\">\n\t\t\t\t\t    <div class=\"pxl-contact-form pxl-contact-form1 btn-w-auto \" data-wow-delay=\"ms\">\r\n        \n<div class=\"wpcf7 no-js\" id=\"wpcf7-f11857-o1\" lang=\"es-ES\" dir=\"ltr\" data-wpcf7-id=\"11857\">\n<div class=\"screen-reader-response\"><p role=\"status\" aria-live=\"polite\" aria-atomic=\"true\"><\/p> <ul><\/ul><\/div>\n<form action=\"\/fr\/wp-json\/wp\/v2\/pages\/11837#wpcf7-f11857-o1\" method=\"post\" class=\"wpcf7-form init\" aria-label=\"Formulario de contacto\" novalidate=\"novalidate\" data-status=\"init\">\n<fieldset class=\"hidden-fields-container\"><input type=\"hidden\" name=\"_wpcf7\" value=\"11857\" \/><input type=\"hidden\" name=\"_wpcf7_version\" value=\"6.1\" \/><input type=\"hidden\" name=\"_wpcf7_locale\" value=\"es_ES\" \/><input type=\"hidden\" name=\"_wpcf7_unit_tag\" value=\"wpcf7-f11857-o1\" \/><input type=\"hidden\" name=\"_wpcf7_container_post\" value=\"0\" \/><input type=\"hidden\" name=\"_wpcf7_posted_data_hash\" value=\"\" \/><input type=\"hidden\" name=\"_wpcf7_recaptcha_response\" value=\"\" \/>\n<\/fieldset>\n<div class=\"row\">\n\t<div class=\"col-lg-6 col-md-6 col-sm-12\">\n\t\t<div class=\"pxl--item\">\n\t\t\t<p><label class=\"pxl-form-label\">Comment vous appelez-vous?<\/label><i class=\"pxl--form-icon far fa-user\"><\/i><span class=\"wpcf7-form-control-wrap\" data-name=\"your-name\"><input size=\"40\" maxlength=\"400\" class=\"wpcf7-form-control wpcf7-text wpcf7-validates-as-required\" aria-required=\"true\" aria-invalid=\"false\" placeholder=\"Nom...\" value=\"\" type=\"text\" name=\"your-name\" \/><\/span>\n\t\t\t<\/p>\n\t\t<\/div>\n\t<\/div>\n\t<div class=\"col-lg-6 col-md-6 col-sm-12\">\n\t\t<div class=\"pxl--item\">\n\t\t\t<p><label class=\"pxl-form-label\">Quelle est votre adresse e-mail?<br \/>\n<\/label><i class=\"pxl--form-icon far fa-envelope\"><\/i><span class=\"wpcf7-form-control-wrap\" data-name=\"your-mail\"><input size=\"40\" maxlength=\"400\" class=\"wpcf7-form-control wpcf7-email wpcf7-validates-as-required wpcf7-text wpcf7-validates-as-email\" aria-required=\"true\" aria-invalid=\"false\" placeholder=\"info@gmail...\" value=\"\" type=\"email\" name=\"your-mail\" \/><\/span>\n\t\t\t<\/p>\n\t\t<\/div>\n\t<\/div>\n<\/div>\n<div class=\"pxl--item\">\n\t<p><label class=\"pxl-form-label\">Parlons de votre projet. De quoi avez-vous besoin ? En quoi pouvons-nous vous aider?<br \/>\n<\/label><i class=\"pxl--form-icon far fa-edit top-spacer\"><\/i><span class=\"wpcf7-form-control-wrap\" data-name=\"Tu\"><textarea cols=\"40\" rows=\"10\" maxlength=\"2000\" class=\"wpcf7-form-control wpcf7-textarea wpcf7-validates-as-required\" aria-required=\"true\" aria-invalid=\"false\" placeholder=\"\u00c9crivez ici...\" name=\"Tu\"><\/textarea><\/span>\n\t<\/p>\n<\/div>\n<p><span class=\"wpcf7-form-control-wrap\" data-name=\"acceptance-531\"><span class=\"wpcf7-form-control wpcf7-acceptance\"><span class=\"wpcf7-list-item\"><label><input type=\"checkbox\" name=\"acceptance-531\" value=\"1\" aria-invalid=\"false\" \/><span class=\"wpcf7-list-item-label\">J\u2019ai lu et accepte les conditions \u00e9nonc\u00e9es dans la <a href=\"\/fr\/politique-de-confidentialite\/\" target=\"_blank\">Politique de confidentialit\u00e9.\n<\/a><\/span><\/label><\/span><\/span><\/span>\n<\/p>\n<div class=\"pxl--item pxl-text-center\">\n\t<p><button type=\"submit\" class=\"wpcf7-submit btn btn-slip-primary\">Envoyez-nous votre message<br \/>\n<\/button>\n\t<\/p>\n<\/div><div class=\"wpcf7-response-output\" aria-hidden=\"true\"><\/div>\n<\/form>\n<\/div>\n    <\/div>\r\n\t\t\t\t<\/div>\n\t\t\t\t<\/div>\n\t\t            <\/div>\r\n        <\/div>\r\n                <div class=\"elementor-column elementor-col-50 elementor-inner-column elementor-element elementor-element-0f5f451 pxl-column-none pxl-column-overflow-hidden-no\" data-id=\"0f5f451\" data-element_type=\"column\">\r\n        <div class=\"elementor-widget-wrap elementor-element-populated\">\r\n                     \r\n        \t\t<div class=\"elementor-element elementor-element-3fdad07 elementor-widget elementor-widget-pxl_heading\" data-id=\"3fdad07\" data-element_type=\"widget\" data-widget_type=\"pxl_heading.default\">\n\t\t\t\t<div class=\"elementor-widget-container\">\n\t\t\t\t\t\n<div id=\"pxl-pxl_heading-3fdad07-1873\" class=\"pxl-heading px-sub-title-default-style \">\n\t<div class=\"pxl-heading--inner\">\n\t\t\n\t\t<h2 class=\"pxl-item--title style-default highlight-default \" data-wow-delay=\"ms\">\n\t\t\t\n\t\t\t\n\t\t\t\n\t\t\t<span class=\"pxl-heading--text\">\n\n\t\t\t\t\t\t\t\t\tVous avez quelque chose \u00e0 nous dire ? Vous \u00eates au bon endroit.\n\t\n\t\t\t\t\t\n\n\t\t\t<\/span>\n\t\t<\/h2>\n\t\t\n\t<\/div>\n<\/div>\t\t\t\t<\/div>\n\t\t\t\t<\/div>\n\t\t\t\t<div class=\"elementor-element elementor-element-2406462 elementor-widget elementor-widget-pxl_icon_box\" data-id=\"2406462\" data-element_type=\"widget\" data-widget_type=\"pxl_icon_box.default\">\n\t\t\t\t<div class=\"elementor-widget-container\">\n\t\t\t\t\t<div class=\"pxl-icon-box pxl-icon-box1 style-1 \" data-wow-delay=\"ms\">\r\n    <div class=\"pxl-item--inner pxl-item--flexnw\">\r\n                            <div class=\"pxl-item--icon pxl-mr-10\">\r\n                <img decoding=\"async\" width=\"93\" height=\"70\" src=\"https:\/\/hitl-humantranslators.com\/wp-content\/uploads\/2023\/09\/contact-icon-1.png\" class=\"attachment-full\" alt=\"Icono de mano levantada indicando atenci\u00f3n personalizada\" \/>            <\/div>\r\n                <div class=\"pxl-item--holder\">\r\n            <div class=\"pxl-item--description el-empty\">\nNous n\u2019utilisons ni bots ni r\u00e9pondeurs automatiques.<\/div>\r\n            <h3 class=\"pxl-item--title el-empty\">Juste des personnes r\u00e9elles pr\u00eates \u00e0 vous aider.<\/h3>\r\n        <\/div>\r\n        \r\n    <\/div>\r\n<\/div>\t\t\t\t<\/div>\n\t\t\t\t<\/div>\n\t\t\t\t<div class=\"elementor-element elementor-element-25aa984 elementor-widget elementor-widget-pxl_divider\" data-id=\"25aa984\" data-element_type=\"widget\" data-widget_type=\"pxl_divider.default\">\n\t\t\t\t<div class=\"elementor-widget-container\">\n\t\t\t\t\t<div class=\"pxl-el-divider \" data-wow-delay=\"ms\"><\/div>\t\t\t\t<\/div>\n\t\t\t\t<\/div>\n\t\t\t\t<div class=\"elementor-element elementor-element-e13758b elementor-widget elementor-widget-pxl_icon_box\" data-id=\"e13758b\" data-element_type=\"widget\" data-widget_type=\"pxl_icon_box.default\">\n\t\t\t\t<div class=\"elementor-widget-container\">\n\t\t\t\t\t<div class=\"pxl-icon-box pxl-icon-box1 style-1 \" data-wow-delay=\"ms\">\r\n    <div class=\"pxl-item--inner pxl-item--flexnw\">\r\n                            <div class=\"pxl-item--icon pxl-mr-10\">\r\n                <img decoding=\"async\" width=\"93\" height=\"70\" src=\"https:\/\/hitl-humantranslators.com\/wp-content\/uploads\/2023\/09\/contact-icon-2.png\" class=\"attachment-full\" alt=\"Icono de carta o sobre abierto para contactar por email\" \/>            <\/div>\r\n                <div class=\"pxl-item--holder\">\r\n            <div class=\"pxl-item--description el-empty\">Pour toute question, \u00e9crivez \u00e0<\/div>\r\n            <h5 class=\"pxl-item--title el-empty\">info@hitl-humantranslators.com<\/h5>\r\n        <\/div>\r\n        \r\n    <\/div>\r\n<\/div>\t\t\t\t<\/div>\n\t\t\t\t<\/div>\n\t\t            <\/div>\r\n        <\/div>\r\n        \t\t\t<\/div>\n\t\t<\/section>\n\t\t            <\/div>\r\n        <\/div>\r\n        \t\t\t<\/div>\n\t\t<\/section>\n\t\t\t\t<\/div>\n\t\t","protected":false},"excerpt":{"rendered":"<p>PARLONS ENTRE HUMAINS Dites-nous ce dont vous avez besoin. Nous nous occupons du reste. Un projet en t\u00eate, une question \u00e0 poser ou une id\u00e9e \u00e0 creuser\u00a0? Il vous suffit de remplir un formulaire.Envie de rejoindre l\u2019\u00e9quipe\u00a0? Gardez l\u2019\u0153il ouvert, il nous arrive de chercher des esprits curieux. Comment vous appelez-vous? Quelle est votre adresse [&hellip;]<\/p>\n","protected":false},"author":1,"featured_media":0,"parent":0,"menu_order":0,"comment_status":"closed","ping_status":"closed","template":"","meta":{"footnotes":""},"class_list":["post-11837","page","type-page","status-publish","hentry"],"yoast_head":"<!-- This site is optimized with the Yoast SEO plugin v25.3.1 - https:\/\/yoast.com\/wordpress\/plugins\/seo\/ -->\n<title>Contactez Human Translators<\/title>\n<meta name=\"description\" content=\"Contactez Human Translators. \u00c9crivez-nous, faites-nous part de votre projet ou de votre demande. De vraies personnes de l&#039;autre c\u00f4t\u00e9 pour vous aider.\" \/>\n<meta name=\"robots\" content=\"index, follow, max-snippet:-1, max-image-preview:large, max-video-preview:-1\" \/>\n<link rel=\"canonical\" href=\"https:\/\/hitl-humantranslators.com\/fr\/contact\/\" \/>\n<meta property=\"og:locale\" content=\"fr_FR\" \/>\n<meta property=\"og:type\" content=\"article\" \/>\n<meta property=\"og:title\" content=\"Contactez Human Translators\" \/>\n<meta property=\"og:description\" content=\"Contactez Human Translators. \u00c9crivez-nous, faites-nous part de votre projet ou de votre demande. De vraies personnes de l&#039;autre c\u00f4t\u00e9 pour vous aider.\" \/>\n<meta property=\"og:url\" content=\"https:\/\/hitl-humantranslators.com\/fr\/contact\/\" \/>\n<meta property=\"og:site_name\" content=\"Human translators\" \/>\n<meta property=\"article:modified_time\" content=\"2025-12-22T18:24:23+00:00\" \/>\n<meta property=\"og:image\" content=\"https:\/\/hitl-humantranslators.com\/wp-content\/uploads\/2023\/09\/contact-icon-1.png\" \/>\n<meta name=\"twitter:card\" content=\"summary_large_image\" \/>\n<meta name=\"twitter:label1\" content=\"Dur\u00e9e de lecture estim\u00e9e\" \/>\n\t<meta name=\"twitter:data1\" content=\"2 minutes\" \/>\n<script type=\"application\/ld+json\" class=\"yoast-schema-graph\">{\"@context\":\"https:\/\/schema.org\",\"@graph\":[{\"@type\":\"WebPage\",\"@id\":\"https:\/\/hitl-humantranslators.com\/fr\/contact\/\",\"url\":\"https:\/\/hitl-humantranslators.com\/fr\/contact\/\",\"name\":\"Contactez Human Translators\",\"isPartOf\":{\"@id\":\"https:\/\/hitl-humantranslators.com\/fr\/#website\"},\"primaryImageOfPage\":{\"@id\":\"https:\/\/hitl-humantranslators.com\/fr\/contact\/#primaryimage\"},\"image\":{\"@id\":\"https:\/\/hitl-humantranslators.com\/fr\/contact\/#primaryimage\"},\"thumbnailUrl\":\"https:\/\/hitl-humantranslators.com\/wp-content\/uploads\/2023\/09\/contact-icon-1.png\",\"datePublished\":\"2025-05-27T08:10:58+00:00\",\"dateModified\":\"2025-12-22T18:24:23+00:00\",\"description\":\"Contactez Human Translators. \u00c9crivez-nous, faites-nous part de votre projet ou de votre demande. De vraies personnes de l'autre c\u00f4t\u00e9 pour vous aider.\",\"breadcrumb\":{\"@id\":\"https:\/\/hitl-humantranslators.com\/fr\/contact\/#breadcrumb\"},\"inLanguage\":\"fr-FR\",\"potentialAction\":[{\"@type\":\"ReadAction\",\"target\":[\"https:\/\/hitl-humantranslators.com\/fr\/contact\/\"]}]},{\"@type\":\"ImageObject\",\"inLanguage\":\"fr-FR\",\"@id\":\"https:\/\/hitl-humantranslators.com\/fr\/contact\/#primaryimage\",\"url\":\"https:\/\/hitl-humantranslators.com\/wp-content\/uploads\/2023\/09\/contact-icon-1.png\",\"contentUrl\":\"https:\/\/hitl-humantranslators.com\/wp-content\/uploads\/2023\/09\/contact-icon-1.png\"},{\"@type\":\"BreadcrumbList\",\"@id\":\"https:\/\/hitl-humantranslators.com\/fr\/contact\/#breadcrumb\",\"itemListElement\":[{\"@type\":\"ListItem\",\"position\":1,\"name\":\"Portada\",\"item\":\"https:\/\/hitl-humantranslators.com\/fr\/\"},{\"@type\":\"ListItem\",\"position\":2,\"name\":\"Contact\"}]},{\"@type\":\"WebSite\",\"@id\":\"https:\/\/hitl-humantranslators.com\/fr\/#website\",\"url\":\"https:\/\/hitl-humantranslators.com\/fr\/\",\"name\":\"Human Translators\",\"description\":\"Contenidos con toque humano - Human Translators\",\"potentialAction\":[{\"@type\":\"SearchAction\",\"target\":{\"@type\":\"EntryPoint\",\"urlTemplate\":\"https:\/\/hitl-humantranslators.com\/fr\/?s={search_term_string}\"},\"query-input\":{\"@type\":\"PropertyValueSpecification\",\"valueRequired\":true,\"valueName\":\"search_term_string\"}}],\"inLanguage\":\"fr-FR\"}]}<\/script>\n<!-- \/ Yoast SEO plugin. -->","yoast_head_json":{"title":"Contactez Human Translators","description":"Contactez Human Translators. \u00c9crivez-nous, faites-nous part de votre projet ou de votre demande. De vraies personnes de l'autre c\u00f4t\u00e9 pour vous aider.","robots":{"index":"index","follow":"follow","max-snippet":"max-snippet:-1","max-image-preview":"max-image-preview:large","max-video-preview":"max-video-preview:-1"},"canonical":"https:\/\/hitl-humantranslators.com\/fr\/contact\/","og_locale":"fr_FR","og_type":"article","og_title":"Contactez Human Translators","og_description":"Contactez Human Translators. \u00c9crivez-nous, faites-nous part de votre projet ou de votre demande. De vraies personnes de l'autre c\u00f4t\u00e9 pour vous aider.","og_url":"https:\/\/hitl-humantranslators.com\/fr\/contact\/","og_site_name":"Human translators","article_modified_time":"2025-12-22T18:24:23+00:00","og_image":[{"url":"https:\/\/hitl-humantranslators.com\/wp-content\/uploads\/2023\/09\/contact-icon-1.png","type":"","width":"","height":""}],"twitter_card":"summary_large_image","twitter_misc":{"Dur\u00e9e de lecture estim\u00e9e":"2 minutes"},"schema":{"@context":"https:\/\/schema.org","@graph":[{"@type":"WebPage","@id":"https:\/\/hitl-humantranslators.com\/fr\/contact\/","url":"https:\/\/hitl-humantranslators.com\/fr\/contact\/","name":"Contactez Human Translators","isPartOf":{"@id":"https:\/\/hitl-humantranslators.com\/fr\/#website"},"primaryImageOfPage":{"@id":"https:\/\/hitl-humantranslators.com\/fr\/contact\/#primaryimage"},"image":{"@id":"https:\/\/hitl-humantranslators.com\/fr\/contact\/#primaryimage"},"thumbnailUrl":"https:\/\/hitl-humantranslators.com\/wp-content\/uploads\/2023\/09\/contact-icon-1.png","datePublished":"2025-05-27T08:10:58+00:00","dateModified":"2025-12-22T18:24:23+00:00","description":"Contactez Human Translators. \u00c9crivez-nous, faites-nous part de votre projet ou de votre demande. De vraies personnes de l'autre c\u00f4t\u00e9 pour vous aider.","breadcrumb":{"@id":"https:\/\/hitl-humantranslators.com\/fr\/contact\/#breadcrumb"},"inLanguage":"fr-FR","potentialAction":[{"@type":"ReadAction","target":["https:\/\/hitl-humantranslators.com\/fr\/contact\/"]}]},{"@type":"ImageObject","inLanguage":"fr-FR","@id":"https:\/\/hitl-humantranslators.com\/fr\/contact\/#primaryimage","url":"https:\/\/hitl-humantranslators.com\/wp-content\/uploads\/2023\/09\/contact-icon-1.png","contentUrl":"https:\/\/hitl-humantranslators.com\/wp-content\/uploads\/2023\/09\/contact-icon-1.png"},{"@type":"BreadcrumbList","@id":"https:\/\/hitl-humantranslators.com\/fr\/contact\/#breadcrumb","itemListElement":[{"@type":"ListItem","position":1,"name":"Portada","item":"https:\/\/hitl-humantranslators.com\/fr\/"},{"@type":"ListItem","position":2,"name":"Contact"}]},{"@type":"WebSite","@id":"https:\/\/hitl-humantranslators.com\/fr\/#website","url":"https:\/\/hitl-humantranslators.com\/fr\/","name":"Human Translators","description":"Contenidos con toque humano - Human Translators","potentialAction":[{"@type":"SearchAction","target":{"@type":"EntryPoint","urlTemplate":"https:\/\/hitl-humantranslators.com\/fr\/?s={search_term_string}"},"query-input":{"@type":"PropertyValueSpecification","valueRequired":true,"valueName":"search_term_string"}}],"inLanguage":"fr-FR"}]}},"_links":{"self":[{"href":"https:\/\/hitl-humantranslators.com\/fr\/wp-json\/wp\/v2\/pages\/11837","targetHints":{"allow":["GET"]}}],"collection":[{"href":"https:\/\/hitl-humantranslators.com\/fr\/wp-json\/wp\/v2\/pages"}],"about":[{"href":"https:\/\/hitl-humantranslators.com\/fr\/wp-json\/wp\/v2\/types\/page"}],"author":[{"embeddable":true,"href":"https:\/\/hitl-humantranslators.com\/fr\/wp-json\/wp\/v2\/users\/1"}],"replies":[{"embeddable":true,"href":"https:\/\/hitl-humantranslators.com\/fr\/wp-json\/wp\/v2\/comments?post=11837"}],"version-history":[{"count":14,"href":"https:\/\/hitl-humantranslators.com\/fr\/wp-json\/wp\/v2\/pages\/11837\/revisions"}],"predecessor-version":[{"id":12982,"href":"https:\/\/hitl-humantranslators.com\/fr\/wp-json\/wp\/v2\/pages\/11837\/revisions\/12982"}],"wp:attachment":[{"href":"https:\/\/hitl-humantranslators.com\/fr\/wp-json\/wp\/v2\/media?parent=11837"}],"curies":[{"name":"wp","href":"https:\/\/api.w.org\/{rel}","templated":true}]}}