{"id":11854,"date":"2025-05-27T20:16:36","date_gmt":"2025-05-27T18:16:36","guid":{"rendered":"https:\/\/hitl-humantranslators.com\/politique-de-confidentialite\/"},"modified":"2025-07-04T14:53:07","modified_gmt":"2025-07-04T12:53:07","slug":"politique-de-confidentialite","status":"publish","type":"page","link":"https:\/\/hitl-humantranslators.com\/fr\/politique-de-confidentialite\/","title":{"rendered":"Politique de confidentialit\u00e9"},"content":{"rendered":"\n<p><strong>Politique de confidentialit\u00e9<\/strong><\/p>\n\n<p>Chez <a class=\"\" href=\"http:\/\/www.hitl-humantranslators.com\">www.hitl-humantranslators.com<\/a>, nous prenons la protection de vos donn\u00e9es tr\u00e8s au s\u00e9rieux. C&#8217;est pourquoi nous souhaitons vous expliquer clairement comment nous traitons vos informations personnelles, afin que vous puissiez naviguer et utiliser nos services en toute confiance. <\/p>\n\n<p><strong>Qui est responsable du traitement de vos donn\u00e9es ?<\/strong><\/p>\n\n<ul class=\"wp-block-list\">\n<li><strong>Responsable:<\/strong> Bel\u00e9n \u00c1lava Pastor<\/li>\n\n\n\n<li><strong>NIF:<\/strong> 52448091H<\/li>\n\n\n\n<li><strong>Adresse :<\/strong> C\/ Industria, 356, 4\u00ba-3\u00aa, 08027 Barcelone<\/li>\n\n\n\n<li><strong>E-mail:<\/strong> <a>info@hitl-humantranslators.com<\/a><\/li>\n<\/ul>\n\n<p><strong>Dans quel but traitons-nous vos donn\u00e9es ?<\/strong><br\/>Nous utilisons vos donn\u00e9es personnelles pour :<\/p>\n\n<ul class=\"wp-block-list\">\n<li>G\u00e9rer la relation avec vous en tant que client ou utilisateur.<\/li>\n\n\n\n<li>R\u00e9pondre \u00e0 vos questions ou demandes.<\/li>\n\n\n\n<li>Envoyer des communications commerciales, uniquement si vous nous avez donn\u00e9 votre consentement.<\/li>\n\n\n\n<li>Respecter nos obligations l\u00e9gales.<\/li>\n<\/ul>\n\n<p><strong>Quelle est la base juridique du traitement ?<\/strong><\/p>\n\n<ul class=\"wp-block-list\">\n<li><strong>Ex\u00e9cution d&#8217;un contrat : <\/strong>si vous faites appel \u00e0 nos services.<\/li>\n\n\n\n<li><strong>Votre consentement :<\/strong> si vous vous abonnez \u00e0 nos communications.<\/li>\n\n\n\n<li><strong>Int\u00e9r\u00eat l\u00e9gitime :<\/strong> am\u00e9liorer nos services.<\/li>\n\n\n\n<li><strong>Obligation l\u00e9gale:<\/strong> en mati\u00e8re fiscale ou administrative.<\/li>\n<\/ul>\n\n<p><strong>Combien de temps conservons-nous vos donn\u00e9es ?<\/strong><br\/>Uniquement pendant la dur\u00e9e n\u00e9cessaire \u00e0 la r\u00e9alisation de la finalit\u00e9 pour laquelle elles sont collect\u00e9es et tant qu&#8217;il existe des obligations l\u00e9gales de conservation.<\/p>\n\n<p><strong>Avec qui partageons-nous vos donn\u00e9es ?<\/strong><br\/>Nous ne partageons pas vos donn\u00e9es avec des tiers, sauf lorsque cela est n\u00e9cessaire pour :<\/p>\n\n<ul class=\"wp-block-list\">\n<li>Proveedores tecnol\u00f3gicos que nos ayudan a prestar el servicio (hosting, plataformas, etc.).<\/li>\n\n\n\n<li>Les autorit\u00e9s ou organismes officiels, lorsque la loi l\u2019exige.<\/li>\n\n\n\n<li>Institutions financi\u00e8res pour la gestion des paiements.<\/li>\n<\/ul>\n\n<p><strong>Les donn\u00e9es sont-elles transf\u00e9r\u00e9es en dehors de l\u2019UE ?<\/strong><br\/>Nous ne transf\u00e9rons pas vos donn\u00e9es \u00e0 l&#8217;international. Si cela s&#8217;av\u00e8re n\u00e9cessaire, nous vous en informerons au pr\u00e9alable et mettrons en \u0153uvre les mesures de protection appropri\u00e9es. <\/p>\n\n<p><strong>Quels sont vos droits en tant qu&#8217;utilisateur ?<\/strong><br\/>Vous avez le droit de :<\/p>\n\n<ul class=\"wp-block-list\">\n<li><strong>Acc\u00e9dez<\/strong> \u00e0 vos donn\u00e9es personnelles.<\/li>\n\n\n\n<li><strong>Corrigez-les<\/strong> si elles sont inexactes ou incompl\u00e8tes.<\/li>\n\n\n\n<li><strong>Demandez leur suppression<\/strong> lorsqu\u2019ils ne sont plus n\u00e9cessaires.<\/li>\n\n\n\n<li><strong>S\u2019opposer<\/strong> \u00e0 son traitement ou demander sa <strong>limitation.<\/strong><\/li>\n\n\n\n<li><strong>Demander la portabilit\u00e9<\/strong> \u00e0 un autre responsable.<\/li>\n\n\n\n<li><strong>Retirez votre consentement<\/strong> \u00e0 tout moment.<\/li>\n<\/ul>\n\n<p>Vous pouvez exercer ces droits en nous envoyant un e-mail \u00e0 <a>info@hitl-humantranslators.com<\/a>, en joignant une copie de votre pi\u00e8ce d&#8217;identit\u00e9 ou document \u00e9quivalent pour v\u00e9rifier votre identit\u00e9.<\/p>\n\n<p><strong>Que pouvez-vous faire si vous n\u2019\u00eates pas d\u2019accord ?<\/strong><br\/>Si vous pensez que nous avons viol\u00e9 vos droits, vous pouvez d\u00e9poser une plainte aupr\u00e8s de l&#8217;Agence espagnole de protection des donn\u00e9es (AEPD) :<\/p>\n\n<ul class=\"wp-block-list\">\n<li><strong>Web:<\/strong> <a class=\"\" href=\"http:\/\/www.aepd.es\">www.aepd.es<\/a><\/li>\n\n\n\n<li><strong>T\u00e9l\u00e9phone:<\/strong> 901 100 099 \/ 912 663 517<\/li>\n\n\n\n<li><strong>Adresse:<\/strong> C\/ Jorge Juan, 6, 28001 Madrid<\/li>\n<\/ul>\n\n<p><strong>Utilisons-nous des cookies ?<\/strong><br\/>Oui. Vous trouverez toutes les informations d\u00e9taill\u00e9es dans notre <a>Politique relative aux cookies.<\/a> <\/p>\n\n<p><strong>Mises \u00e0 jour de la pr\u00e9sente Politique<\/strong><br\/>Nous sommes susceptibles de modifier la pr\u00e9sente Politique de confidentialit\u00e9 afin de l&#8217;adapter aux \u00e9volutions juridiques ou aux changements intervenus dans notre activit\u00e9. Nous vous informerons de toute modification importante. <\/p>\n","protected":false},"excerpt":{"rendered":"<p>Politique de confidentialit\u00e9 Chez www.hitl-humantranslators.com, nous prenons la protection de vos donn\u00e9es tr\u00e8s au s\u00e9rieux. C&#8217;est pourquoi nous souhaitons vous expliquer clairement comment nous traitons vos informations personnelles, afin que vous puissiez naviguer et utiliser nos services en toute confiance. Qui est responsable du traitement de vos donn\u00e9es ? Dans quel but traitons-nous vos donn\u00e9es [&hellip;]<\/p>\n","protected":false},"author":1,"featured_media":0,"parent":0,"menu_order":0,"comment_status":"closed","ping_status":"closed","template":"","meta":{"footnotes":""},"class_list":["post-11854","page","type-page","status-publish","hentry"],"yoast_head":"<!-- This site is optimized with the Yoast SEO plugin v25.3.1 - https:\/\/yoast.com\/wordpress\/plugins\/seo\/ -->\n<title>Politique de confidentialit\u00e9 - Human translators<\/title>\n<meta name=\"robots\" content=\"noindex, nofollow\" \/>\n<meta property=\"og:locale\" content=\"fr_FR\" \/>\n<meta property=\"og:type\" content=\"article\" \/>\n<meta property=\"og:title\" content=\"Politique de confidentialit\u00e9 - Human translators\" \/>\n<meta property=\"og:description\" content=\"Politique de confidentialit\u00e9 Chez www.hitl-humantranslators.com, nous prenons la protection de vos donn\u00e9es tr\u00e8s au s\u00e9rieux. C&#8217;est pourquoi nous souhaitons vous expliquer clairement comment nous traitons vos informations personnelles, afin que vous puissiez naviguer et utiliser nos services en toute confiance. Qui est responsable du traitement de vos donn\u00e9es ? Dans quel but traitons-nous vos donn\u00e9es [&hellip;]\" \/>\n<meta property=\"og:url\" content=\"https:\/\/hitl-humantranslators.com\/fr\/politique-de-confidentialite\/\" \/>\n<meta property=\"og:site_name\" content=\"Human translators\" \/>\n<meta property=\"article:modified_time\" content=\"2025-07-04T12:53:07+00:00\" \/>\n<meta name=\"twitter:card\" content=\"summary_large_image\" \/>\n<meta name=\"twitter:label1\" content=\"Dur\u00e9e de lecture estim\u00e9e\" \/>\n\t<meta name=\"twitter:data1\" content=\"3 minutes\" \/>\n<script type=\"application\/ld+json\" class=\"yoast-schema-graph\">{\"@context\":\"https:\/\/schema.org\",\"@graph\":[{\"@type\":\"WebPage\",\"@id\":\"https:\/\/hitl-humantranslators.com\/fr\/politique-de-confidentialite\/\",\"url\":\"https:\/\/hitl-humantranslators.com\/fr\/politique-de-confidentialite\/\",\"name\":\"Politique de confidentialit\u00e9 - Human translators\",\"isPartOf\":{\"@id\":\"https:\/\/hitl-humantranslators.com\/fr\/#website\"},\"datePublished\":\"2025-05-27T18:16:36+00:00\",\"dateModified\":\"2025-07-04T12:53:07+00:00\",\"breadcrumb\":{\"@id\":\"https:\/\/hitl-humantranslators.com\/fr\/politique-de-confidentialite\/#breadcrumb\"},\"inLanguage\":\"fr-FR\",\"potentialAction\":[{\"@type\":\"ReadAction\",\"target\":[\"https:\/\/hitl-humantranslators.com\/fr\/politique-de-confidentialite\/\"]}]},{\"@type\":\"BreadcrumbList\",\"@id\":\"https:\/\/hitl-humantranslators.com\/fr\/politique-de-confidentialite\/#breadcrumb\",\"itemListElement\":[{\"@type\":\"ListItem\",\"position\":1,\"name\":\"Portada\",\"item\":\"https:\/\/hitl-humantranslators.com\/fr\/\"},{\"@type\":\"ListItem\",\"position\":2,\"name\":\"Politique de confidentialit\u00e9\"}]},{\"@type\":\"WebSite\",\"@id\":\"https:\/\/hitl-humantranslators.com\/fr\/#website\",\"url\":\"https:\/\/hitl-humantranslators.com\/fr\/\",\"name\":\"Human Translators\",\"description\":\"Contenidos con toque humano - Human Translators\",\"potentialAction\":[{\"@type\":\"SearchAction\",\"target\":{\"@type\":\"EntryPoint\",\"urlTemplate\":\"https:\/\/hitl-humantranslators.com\/fr\/?s={search_term_string}\"},\"query-input\":{\"@type\":\"PropertyValueSpecification\",\"valueRequired\":true,\"valueName\":\"search_term_string\"}}],\"inLanguage\":\"fr-FR\"}]}<\/script>\n<!-- \/ Yoast SEO plugin. -->","yoast_head_json":{"title":"Politique de confidentialit\u00e9 - Human translators","robots":{"index":"noindex","follow":"nofollow"},"og_locale":"fr_FR","og_type":"article","og_title":"Politique de confidentialit\u00e9 - Human translators","og_description":"Politique de confidentialit\u00e9 Chez www.hitl-humantranslators.com, nous prenons la protection de vos donn\u00e9es tr\u00e8s au s\u00e9rieux. C&#8217;est pourquoi nous souhaitons vous expliquer clairement comment nous traitons vos informations personnelles, afin que vous puissiez naviguer et utiliser nos services en toute confiance. Qui est responsable du traitement de vos donn\u00e9es ? Dans quel but traitons-nous vos donn\u00e9es [&hellip;]","og_url":"https:\/\/hitl-humantranslators.com\/fr\/politique-de-confidentialite\/","og_site_name":"Human translators","article_modified_time":"2025-07-04T12:53:07+00:00","twitter_card":"summary_large_image","twitter_misc":{"Dur\u00e9e de lecture estim\u00e9e":"3 minutes"},"schema":{"@context":"https:\/\/schema.org","@graph":[{"@type":"WebPage","@id":"https:\/\/hitl-humantranslators.com\/fr\/politique-de-confidentialite\/","url":"https:\/\/hitl-humantranslators.com\/fr\/politique-de-confidentialite\/","name":"Politique de confidentialit\u00e9 - Human translators","isPartOf":{"@id":"https:\/\/hitl-humantranslators.com\/fr\/#website"},"datePublished":"2025-05-27T18:16:36+00:00","dateModified":"2025-07-04T12:53:07+00:00","breadcrumb":{"@id":"https:\/\/hitl-humantranslators.com\/fr\/politique-de-confidentialite\/#breadcrumb"},"inLanguage":"fr-FR","potentialAction":[{"@type":"ReadAction","target":["https:\/\/hitl-humantranslators.com\/fr\/politique-de-confidentialite\/"]}]},{"@type":"BreadcrumbList","@id":"https:\/\/hitl-humantranslators.com\/fr\/politique-de-confidentialite\/#breadcrumb","itemListElement":[{"@type":"ListItem","position":1,"name":"Portada","item":"https:\/\/hitl-humantranslators.com\/fr\/"},{"@type":"ListItem","position":2,"name":"Politique de confidentialit\u00e9"}]},{"@type":"WebSite","@id":"https:\/\/hitl-humantranslators.com\/fr\/#website","url":"https:\/\/hitl-humantranslators.com\/fr\/","name":"Human Translators","description":"Contenidos con toque humano - Human Translators","potentialAction":[{"@type":"SearchAction","target":{"@type":"EntryPoint","urlTemplate":"https:\/\/hitl-humantranslators.com\/fr\/?s={search_term_string}"},"query-input":{"@type":"PropertyValueSpecification","valueRequired":true,"valueName":"search_term_string"}}],"inLanguage":"fr-FR"}]}},"_links":{"self":[{"href":"https:\/\/hitl-humantranslators.com\/fr\/wp-json\/wp\/v2\/pages\/11854","targetHints":{"allow":["GET"]}}],"collection":[{"href":"https:\/\/hitl-humantranslators.com\/fr\/wp-json\/wp\/v2\/pages"}],"about":[{"href":"https:\/\/hitl-humantranslators.com\/fr\/wp-json\/wp\/v2\/types\/page"}],"author":[{"embeddable":true,"href":"https:\/\/hitl-humantranslators.com\/fr\/wp-json\/wp\/v2\/users\/1"}],"replies":[{"embeddable":true,"href":"https:\/\/hitl-humantranslators.com\/fr\/wp-json\/wp\/v2\/comments?post=11854"}],"version-history":[{"count":1,"href":"https:\/\/hitl-humantranslators.com\/fr\/wp-json\/wp\/v2\/pages\/11854\/revisions"}],"predecessor-version":[{"id":11855,"href":"https:\/\/hitl-humantranslators.com\/fr\/wp-json\/wp\/v2\/pages\/11854\/revisions\/11855"}],"wp:attachment":[{"href":"https:\/\/hitl-humantranslators.com\/fr\/wp-json\/wp\/v2\/media?parent=11854"}],"curies":[{"name":"wp","href":"https:\/\/api.w.org\/{rel}","templated":true}]}}